{"id":7,"date":"2014-04-18T12:28:26","date_gmt":"2014-04-18T10:28:26","guid":{"rendered":"http:\/\/www.koeffel.at\/wordpress\/?page_id=7"},"modified":"2014-11-06T17:12:09","modified_gmt":"2014-11-06T15:12:09","slug":"ueber-mich","status":"publish","type":"page","link":"http:\/\/www.koeffel.at\/wordpress\/ueber-mich\/","title":{"rendered":"\u00dcber mich"},"content":{"rendered":"<p>Mein Name ist Elisabeth K\u00f6ffel-Hei\u00df, geboren wurde ich 1983 und bin aufgewachsen in K\u00e4rnten. Seit meinem 16. Lebensjahr habe ich keine Sommerferien ausgelassen um nicht zu arbeiten. Es war nicht immer auf meine Ausbildung abgestimmt, aber dennoch war es mir wichtig in den Sommerferien die Arbeitsluft zu schnuppern. Das hat sich bis zum Ende meines Studiums durchgezogen. Meinen Werdegang habe ich unter <a title=\"Curriculum\" href=\"http:\/\/www.koeffel.at\/wordpress\/timeline_um\/curriculum\/\">Curriculum <\/a>ausf\u00fchrlich beschrieben.<\/p>\n<p>Die Fachrichtung meines Studium fokusierte sich auf Internettechnik und -management. Durch diese Fachausbildung und mein pers\u00f6nliches Interesse konnte ich bereits mehrere Projekte erfolgreich f\u00fcr meinen Arbeitgeber durchf\u00fchren.<\/p>\n<p>Zu meinen Hobbies z\u00e4hle ich sportliche Aktivit\u00e4ten wie schifahren, wandern, radfahren, wie auch lesen,<\/p>\n<p>Seit August 2014 bin ich mit meinem wunderbaren Mann verheiratet. Wir hatten eine wirkliche Traumhochzeit im Schloss Seggau\/Stmk.<\/p>\n<p>Ich w\u00fcrde mich \u00fcber eine Kontaktaufnahme via Xing freuen:<\/p>\n<p>\n<a href=\"http:\/\/www.xing.com\/profile\/Elisabeth_KoeffelHeiss\" target=\"_blank\" rel=\"me\"><img loading=\"lazy\" decoding=\"async\" src=\"http:\/\/www.xing.com\/img\/buttons\/5_de_btn.gif\" width=\"118\" height=\"23\" alt=\"Elisabeth K\u00f6ffel-Hei\u00df\"><\/a><\/p>\n","protected":false},"excerpt":{"rendered":"<p>Mein Name ist Elisabeth K\u00f6ffel-Hei\u00df, geboren wurde ich 1983 und bin aufgewachsen in K\u00e4rnten. Seit meinem 16. Lebensjahr habe ich keine Sommerferien ausgelassen um nicht zu arbeiten. Es war nicht immer auf meine Ausbildung abgestimmt, aber dennoch war es mir<\/p>\n","protected":false},"author":1,"featured_media":0,"parent":0,"menu_order":0,"comment_status":"closed","ping_status":"closed","template":"","meta":{"_monsterinsights_skip_tracking":false,"_monsterinsights_sitenote_active":false,"_monsterinsights_sitenote_note":"","_monsterinsights_sitenote_category":0,"footnotes":""},"class_list":["post-7","page","type-page","status-publish","hentry"],"_links":{"self":[{"href":"http:\/\/www.koeffel.at\/wordpress\/wp-json\/wp\/v2\/pages\/7","targetHints":{"allow":["GET"]}}],"collection":[{"href":"http:\/\/www.koeffel.at\/wordpress\/wp-json\/wp\/v2\/pages"}],"about":[{"href":"http:\/\/www.koeffel.at\/wordpress\/wp-json\/wp\/v2\/types\/page"}],"author":[{"embeddable":true,"href":"http:\/\/www.koeffel.at\/wordpress\/wp-json\/wp\/v2\/users\/1"}],"replies":[{"embeddable":true,"href":"http:\/\/www.koeffel.at\/wordpress\/wp-json\/wp\/v2\/comments?post=7"}],"version-history":[{"count":8,"href":"http:\/\/www.koeffel.at\/wordpress\/wp-json\/wp\/v2\/pages\/7\/revisions"}],"predecessor-version":[{"id":103,"href":"http:\/\/www.koeffel.at\/wordpress\/wp-json\/wp\/v2\/pages\/7\/revisions\/103"}],"wp:attachment":[{"href":"http:\/\/www.koeffel.at\/wordpress\/wp-json\/wp\/v2\/media?parent=7"}],"curies":[{"name":"wp","href":"https:\/\/api.w.org\/{rel}","templated":true}]}}